{"id":2541,"date":"2023-05-15T10:18:02","date_gmt":"2023-05-15T08:18:02","guid":{"rendered":"https:\/\/tvarex.visibly.sk\/?page_id=2541"},"modified":"2023-06-12T09:48:34","modified_gmt":"2023-06-12T07:48:34","slug":"tape-fittings","status":"publish","type":"page","link":"https:\/\/tvar-ex.sk\/en\/tape-fittings\/","title":{"rendered":"Strip fittings"},"content":{"rendered":"\t\t<div data-elementor-type=\"wp-page\" data-elementor-id=\"2541\" class=\"elementor elementor-2541\">\n\t\t\t\t\t\t\t\t\t<div class=\"elementor-section elementor-top-section elementor-element elementor-element-965295b intro-section justify-content-center elementor-section-stretched elementor-section-boxed elementor-section-height-default elementor-section-height-default\" data-id=\"965295b\" data-element_type=\"section\" data-settings=\"{&quot;stretch_section&quot;:&quot;section-stretched&quot;,&quot;background_background&quot;:&quot;classic&quot;}\">\r\n\t\t\t\r\n\t\t\t\t\t\t\t\t\t<div class=\"elementor-container elementor-column-gap-default\">\r\n\t\t\t\t\t\t\t\t\t\t\t<div class=\"elementor-column elementor-col-50 elementor-top-column elementor-element elementor-element-dc01f68 left-col mb-4 mb-lg-0\" data-id=\"dc01f68\" data-element_type=\"column\">\r\n\r\n\t\t\t\t\t<div class=\"elementor-widget-wrap elementor-element-populated\">\r\n\t\t\t\t\t\t\t\t<div class=\"elementor-element elementor-element-facb8bd m-b-md elementor-invisible elementor-widget elementor-widget-heading\" data-id=\"facb8bd\" data-element_type=\"widget\" data-settings=\"{&quot;_animation&quot;:&quot;fadeInUp&quot;,&quot;_animation_delay&quot;:&quot;200&quot;}\" data-widget_type=\"heading.default\">\n\t\t\t\t<div class=\"elementor-widget-container\">\n\t\t\t<style>\/*! elementor - v3.13.3 - 28-05-2023 *\/\n.elementor-heading-title{padding:0;margin:0;line-height:1}.elementor-widget-heading .elementor-heading-title[class*=elementor-size-]>a{color:inherit;font-size:inherit;line-height:inherit}.elementor-widget-heading .elementor-heading-title.elementor-size-small{font-size:15px}.elementor-widget-heading .elementor-heading-title.elementor-size-medium{font-size:19px}.elementor-widget-heading .elementor-heading-title.elementor-size-large{font-size:29px}.elementor-widget-heading .elementor-heading-title.elementor-size-xl{font-size:39px}.elementor-widget-heading .elementor-heading-title.elementor-size-xxl{font-size:59px}<\/style><p class=\"elementor-heading-title elementor-size-default\">The pieces are <b>cold moulded and pressed <\/b>from hardened or hardenable tape with further hardening and tempering from ferrous metals (aluminium, copper, brass \u2026) and also class 11 metal sheets. We can add to the production also flat buckles, flexible pads, flexible pins etc.<\/p>\t\t<\/div>\n\t\t\t\t<\/div>\n\t\t\t\t\t<\/div>\r\n\t\t\t\t<\/div>\r\n\t\t\t\t<div class=\"elementor-column elementor-col-50 elementor-top-column elementor-element elementor-element-a93070b right-col\" data-id=\"a93070b\" data-element_type=\"column\">\r\n\r\n\t\t\t\t\t<div class=\"elementor-widget-wrap elementor-element-populated\">\r\n\t\t\t\t\t\t\t\t<div class=\"elementor-element elementor-element-cbfb673 mb-0 elementor-invisible elementor-widget elementor-widget-image\" data-id=\"cbfb673\" data-element_type=\"widget\" data-settings=\"{&quot;_animation&quot;:&quot;fadeInUp&quot;,&quot;_animation_delay&quot;:&quot;800&quot;}\" data-widget_type=\"image.default\">\n\t\t\t\t<div class=\"elementor-widget-container\">\n\t\t\t<style>\/*! elementor - v3.13.3 - 28-05-2023 *\/\n.elementor-widget-image{text-align:center}.elementor-widget-image a{display:inline-block}.elementor-widget-image a img[src$=\".svg\"]{width:48px}.elementor-widget-image img{vertical-align:middle;display:inline-block}<\/style>\t\t\t\t\t\t\t\t\t\t\t\t<img decoding=\"async\" width=\"800\" height=\"533\" src=\"https:\/\/tvar-ex.sk\/en\/wp-content\/uploads\/2023\/05\/Pruziny-a-tvarovky-z-pasky.jpg\" class=\"attachment-large size-large wp-image-2845\" alt=\"\" loading=\"lazy\" srcset=\"https:\/\/tvar-ex.sk\/en\/wp-content\/uploads\/2023\/05\/Pruziny-a-tvarovky-z-pasky.jpg 800w, https:\/\/tvar-ex.sk\/en\/wp-content\/uploads\/2023\/05\/Pruziny-a-tvarovky-z-pasky-768x512.jpg 768w, https:\/\/tvar-ex.sk\/en\/wp-content\/uploads\/2023\/05\/Pruziny-a-tvarovky-z-pasky-640x426.jpg 640w, https:\/\/tvar-ex.sk\/en\/wp-content\/uploads\/2023\/05\/Pruziny-a-tvarovky-z-pasky-400x267.jpg 400w\" sizes=\"(max-width: 800px) 100vw, 800px\" \/>\t\t\t\t\t\t\t\t\t\t\t\t\t\t\t<\/div>\n\t\t\t\t<\/div>\n\t\t\t\t\t<\/div>\r\n\t\t\t\t<\/div>\r\n\t\t\t\t\t\t<\/div>\r\n\t\t\t\t<\/div>\r\n\t\t\t\t\t\t\t<\/div>\n\t\t","protected":false},"excerpt":{"rendered":"<p>The pieces are cold moulded and pressed from hardened or hardenable tape with further hardening and tempering from ferrous metals (aluminium, copper, brass \u2026) and also class 11 metal sheets. We can add to the production also flat buckles, flexible pads, flexible pins etc.<\/p>\n","protected":false},"author":1,"featured_media":0,"parent":0,"menu_order":0,"comment_status":"closed","ping_status":"closed","template":"","meta":{"_mi_skip_tracking":false,"_monsterinsights_sitenote_active":false,"_monsterinsights_sitenote_note":"","_monsterinsights_sitenote_category":0},"acf":[],"yoast_head":"<!-- This site is optimized with the Yoast SEO plugin v20.8 - https:\/\/yoast.com\/wordpress\/plugins\/seo\/ -->\n<title>Strip fittings - TVAR-EX<\/title>\n<meta name=\"robots\" content=\"index, follow, max-snippet:-1, max-image-preview:large, max-video-preview:-1\" \/>\n<link rel=\"canonical\" href=\"https:\/\/tvar-ex.sk\/en\/tape-fittings\/\" \/>\n<meta property=\"og:locale\" content=\"sk_SK\" \/>\n<meta property=\"og:type\" content=\"article\" \/>\n<meta property=\"og:title\" content=\"Strip fittings - TVAR-EX\" \/>\n<meta property=\"og:description\" content=\"The pieces are cold moulded and pressed from hardened or hardenable tape with further hardening and tempering from ferrous metals (aluminium, copper, brass \u2026) and also class 11 metal sheets. We can add to the production also flat buckles, flexible pads, flexible pins etc.\" \/>\n<meta property=\"og:url\" content=\"https:\/\/tvar-ex.sk\/en\/tape-fittings\/\" \/>\n<meta property=\"og:site_name\" content=\"TVAR-EX\" \/>\n<meta property=\"article:modified_time\" content=\"2023-06-12T07:48:34+00:00\" \/>\n<meta property=\"og:image\" content=\"https:\/\/tvarex.visibly.sk\/wp-content\/uploads\/2023\/05\/Pruziny-a-tvarovky-z-pasky.jpg\" \/>\n<meta name=\"twitter:card\" content=\"summary_large_image\" \/>\n<meta name=\"twitter:label1\" content=\"Predpokladan\u00fd \u010das \u010d\u00edtania\" \/>\n\t<meta name=\"twitter:data1\" content=\"1 min\u00fata\" \/>\n<script type=\"application\/ld+json\" class=\"yoast-schema-graph\">{\"@context\":\"https:\/\/schema.org\",\"@graph\":[{\"@type\":\"WebPage\",\"@id\":\"https:\/\/tvar-ex.sk\/en\/tape-fittings\/\",\"url\":\"https:\/\/tvar-ex.sk\/en\/tape-fittings\/\",\"name\":\"Strip fittings - TVAR-EX\",\"isPartOf\":{\"@id\":\"https:\/\/tvar-ex.sk\/en\/#website\"},\"datePublished\":\"2023-05-15T08:18:02+00:00\",\"dateModified\":\"2023-06-12T07:48:34+00:00\",\"breadcrumb\":{\"@id\":\"https:\/\/tvar-ex.sk\/en\/tape-fittings\/#breadcrumb\"},\"inLanguage\":\"sk-SK\",\"potentialAction\":[{\"@type\":\"ReadAction\",\"target\":[\"https:\/\/tvar-ex.sk\/en\/tape-fittings\/\"]}]},{\"@type\":\"BreadcrumbList\",\"@id\":\"https:\/\/tvar-ex.sk\/en\/tape-fittings\/#breadcrumb\",\"itemListElement\":[{\"@type\":\"ListItem\",\"position\":1,\"name\":\"Home\",\"item\":\"https:\/\/tvar-ex.sk\/en\/\"},{\"@type\":\"ListItem\",\"position\":2,\"name\":\"Strip fittings\"}]},{\"@type\":\"WebSite\",\"@id\":\"https:\/\/tvar-ex.sk\/en\/#website\",\"url\":\"https:\/\/tvar-ex.sk\/en\/\",\"name\":\"TVAR-EX\",\"description\":\"\",\"potentialAction\":[{\"@type\":\"SearchAction\",\"target\":{\"@type\":\"EntryPoint\",\"urlTemplate\":\"https:\/\/tvar-ex.sk\/en\/?s={search_term_string}\"},\"query-input\":\"required name=search_term_string\"}],\"inLanguage\":\"sk-SK\"}]}<\/script>\n<!-- \/ Yoast SEO plugin. -->","yoast_head_json":{"title":"Strip fittings - TVAR-EX","robots":{"index":"index","follow":"follow","max-snippet":"max-snippet:-1","max-image-preview":"max-image-preview:large","max-video-preview":"max-video-preview:-1"},"canonical":"https:\/\/tvar-ex.sk\/en\/tape-fittings\/","og_locale":"sk_SK","og_type":"article","og_title":"Strip fittings - TVAR-EX","og_description":"The pieces are cold moulded and pressed from hardened or hardenable tape with further hardening and tempering from ferrous metals (aluminium, copper, brass \u2026) and also class 11 metal sheets. We can add to the production also flat buckles, flexible pads, flexible pins etc.","og_url":"https:\/\/tvar-ex.sk\/en\/tape-fittings\/","og_site_name":"TVAR-EX","article_modified_time":"2023-06-12T07:48:34+00:00","og_image":[{"url":"https:\/\/tvarex.visibly.sk\/wp-content\/uploads\/2023\/05\/Pruziny-a-tvarovky-z-pasky.jpg"}],"twitter_card":"summary_large_image","twitter_misc":{"Predpokladan\u00fd \u010das \u010d\u00edtania":"1 min\u00fata"},"schema":{"@context":"https:\/\/schema.org","@graph":[{"@type":"WebPage","@id":"https:\/\/tvar-ex.sk\/en\/tape-fittings\/","url":"https:\/\/tvar-ex.sk\/en\/tape-fittings\/","name":"Strip fittings - TVAR-EX","isPartOf":{"@id":"https:\/\/tvar-ex.sk\/en\/#website"},"datePublished":"2023-05-15T08:18:02+00:00","dateModified":"2023-06-12T07:48:34+00:00","breadcrumb":{"@id":"https:\/\/tvar-ex.sk\/en\/tape-fittings\/#breadcrumb"},"inLanguage":"sk-SK","potentialAction":[{"@type":"ReadAction","target":["https:\/\/tvar-ex.sk\/en\/tape-fittings\/"]}]},{"@type":"BreadcrumbList","@id":"https:\/\/tvar-ex.sk\/en\/tape-fittings\/#breadcrumb","itemListElement":[{"@type":"ListItem","position":1,"name":"Home","item":"https:\/\/tvar-ex.sk\/en\/"},{"@type":"ListItem","position":2,"name":"Strip fittings"}]},{"@type":"WebSite","@id":"https:\/\/tvar-ex.sk\/en\/#website","url":"https:\/\/tvar-ex.sk\/en\/","name":"TVAR-EX","description":"","potentialAction":[{"@type":"SearchAction","target":{"@type":"EntryPoint","urlTemplate":"https:\/\/tvar-ex.sk\/en\/?s={search_term_string}"},"query-input":"required name=search_term_string"}],"inLanguage":"sk-SK"}]}},"_links":{"self":[{"href":"https:\/\/tvar-ex.sk\/en\/wp-json\/wp\/v2\/pages\/2541"}],"collection":[{"href":"https:\/\/tvar-ex.sk\/en\/wp-json\/wp\/v2\/pages"}],"about":[{"href":"https:\/\/tvar-ex.sk\/en\/wp-json\/wp\/v2\/types\/page"}],"author":[{"embeddable":true,"href":"https:\/\/tvar-ex.sk\/en\/wp-json\/wp\/v2\/users\/1"}],"replies":[{"embeddable":true,"href":"https:\/\/tvar-ex.sk\/en\/wp-json\/wp\/v2\/comments?post=2541"}],"version-history":[{"count":6,"href":"https:\/\/tvar-ex.sk\/en\/wp-json\/wp\/v2\/pages\/2541\/revisions"}],"predecessor-version":[{"id":3115,"href":"https:\/\/tvar-ex.sk\/en\/wp-json\/wp\/v2\/pages\/2541\/revisions\/3115"}],"wp:attachment":[{"href":"https:\/\/tvar-ex.sk\/en\/wp-json\/wp\/v2\/media?parent=2541"}],"curies":[{"name":"wp","href":"https:\/\/api.w.org\/{rel}","templated":true}]}}