{"id":3154,"date":"2023-06-19T11:34:49","date_gmt":"2023-06-19T09:34:49","guid":{"rendered":"https:\/\/tvar-ex.sk\/en\/?page_id=3154"},"modified":"2023-06-19T11:37:33","modified_gmt":"2023-06-19T09:37:33","slug":"certificate","status":"publish","type":"page","link":"https:\/\/tvar-ex.sk\/en\/certificate\/","title":{"rendered":"Certificate"},"content":{"rendered":"\t\t<div data-elementor-type=\"wp-page\" data-elementor-id=\"3154\" class=\"elementor elementor-3154\">\n\t\t\t\t\t\t\t\t\t<section class=\"elementor-section elementor-top-section elementor-element elementor-element-365afc3 elementor-section-boxed elementor-section-height-default elementor-section-height-default\" data-id=\"365afc3\" data-element_type=\"section\">\r\n\t\t\t\r\n\t\t\t\t\t\t\t\t\t<div class=\"elementor-container elementor-column-gap-default\">\r\n\t\t\t\t\t\t\t\t\t\t\t<div class=\"elementor-column elementor-col-100 elementor-top-column elementor-element elementor-element-6d01f27\" data-id=\"6d01f27\" data-element_type=\"column\">\r\n\r\n\t\t\t\t\t<div class=\"elementor-widget-wrap elementor-element-populated\">\r\n\t\t\t\t\t\t\t\t<div class=\"elementor-element elementor-element-d34f724 elementor-widget elementor-widget-image\" data-id=\"d34f724\" data-element_type=\"widget\" data-widget_type=\"image.default\">\n\t\t\t\t<div class=\"elementor-widget-container\">\n\t\t\t<style>\/*! elementor - v3.13.3 - 28-05-2023 *\/\n.elementor-widget-image{text-align:center}.elementor-widget-image a{display:inline-block}.elementor-widget-image a img[src$=\".svg\"]{width:48px}.elementor-widget-image img{vertical-align:middle;display:inline-block}<\/style>\t\t\t\t\t\t\t\t\t\t\t\t<img decoding=\"async\" width=\"724\" height=\"1024\" src=\"https:\/\/tvar-ex.sk\/en\/wp-content\/uploads\/2023\/06\/TVAR-EX-s.r.o._CERTIFIKAT_9001_2023_SK_page-0001-1-724x1024.jpg\" class=\"attachment-large size-large wp-image-3157\" alt=\"\" loading=\"lazy\" srcset=\"https:\/\/tvar-ex.sk\/en\/wp-content\/uploads\/2023\/06\/TVAR-EX-s.r.o._CERTIFIKAT_9001_2023_SK_page-0001-1-724x1024.jpg 724w, https:\/\/tvar-ex.sk\/en\/wp-content\/uploads\/2023\/06\/TVAR-EX-s.r.o._CERTIFIKAT_9001_2023_SK_page-0001-1-640x905.jpg 640w, https:\/\/tvar-ex.sk\/en\/wp-content\/uploads\/2023\/06\/TVAR-EX-s.r.o._CERTIFIKAT_9001_2023_SK_page-0001-1-400x566.jpg 400w\" sizes=\"(max-width: 724px) 100vw, 724px\" \/>\t\t\t\t\t\t\t\t\t\t\t\t\t\t\t<\/div>\n\t\t\t\t<\/div>\n\t\t\t\t\t<\/div>\r\n\t\t\t\t<\/div>\r\n\t\t\t\t\t\t<\/div>\r\n\t\t\t\t<\/section>\r\n\t\t\t\t\t\t\t<\/div>\n\t\t","protected":false},"excerpt":{"rendered":"","protected":false},"author":1,"featured_media":0,"parent":0,"menu_order":0,"comment_status":"closed","ping_status":"closed","template":"","meta":{"_mi_skip_tracking":false,"_monsterinsights_sitenote_active":false,"_monsterinsights_sitenote_note":"","_monsterinsights_sitenote_category":0},"acf":[],"yoast_head":"<!-- This site is optimized with the Yoast SEO plugin v20.8 - https:\/\/yoast.com\/wordpress\/plugins\/seo\/ -->\n<title>Certificate - TVAR-EX<\/title>\n<meta name=\"robots\" content=\"index, follow, max-snippet:-1, max-image-preview:large, max-video-preview:-1\" \/>\n<link rel=\"canonical\" href=\"https:\/\/tvar-ex.sk\/en\/certificate\/\" \/>\n<meta property=\"og:locale\" content=\"sk_SK\" \/>\n<meta property=\"og:type\" content=\"article\" \/>\n<meta property=\"og:title\" content=\"Certificate - TVAR-EX\" \/>\n<meta property=\"og:url\" content=\"https:\/\/tvar-ex.sk\/en\/certificate\/\" \/>\n<meta property=\"og:site_name\" content=\"TVAR-EX\" \/>\n<meta property=\"article:modified_time\" content=\"2023-06-19T09:37:33+00:00\" \/>\n<meta property=\"og:image\" content=\"https:\/\/tvar-ex.sk\/en\/wp-content\/uploads\/2023\/06\/TVAR-EX-s.r.o._CERTIFIKAT_9001_2023_SK_page-0001-1-724x1024.jpg\" \/>\n<meta name=\"twitter:card\" content=\"summary_large_image\" \/>\n<meta name=\"twitter:label1\" content=\"Predpokladan\u00fd \u010das \u010d\u00edtania\" \/>\n\t<meta name=\"twitter:data1\" content=\"1 min\u00fata\" \/>\n<script type=\"application\/ld+json\" class=\"yoast-schema-graph\">{\"@context\":\"https:\/\/schema.org\",\"@graph\":[{\"@type\":\"WebPage\",\"@id\":\"https:\/\/tvar-ex.sk\/en\/certificate\/\",\"url\":\"https:\/\/tvar-ex.sk\/en\/certificate\/\",\"name\":\"Certificate - TVAR-EX\",\"isPartOf\":{\"@id\":\"https:\/\/tvar-ex.sk\/en\/#website\"},\"datePublished\":\"2023-06-19T09:34:49+00:00\",\"dateModified\":\"2023-06-19T09:37:33+00:00\",\"breadcrumb\":{\"@id\":\"https:\/\/tvar-ex.sk\/en\/certificate\/#breadcrumb\"},\"inLanguage\":\"sk-SK\",\"potentialAction\":[{\"@type\":\"ReadAction\",\"target\":[\"https:\/\/tvar-ex.sk\/en\/certificate\/\"]}]},{\"@type\":\"BreadcrumbList\",\"@id\":\"https:\/\/tvar-ex.sk\/en\/certificate\/#breadcrumb\",\"itemListElement\":[{\"@type\":\"ListItem\",\"position\":1,\"name\":\"Home\",\"item\":\"https:\/\/tvar-ex.sk\/en\/\"},{\"@type\":\"ListItem\",\"position\":2,\"name\":\"Certificate\"}]},{\"@type\":\"WebSite\",\"@id\":\"https:\/\/tvar-ex.sk\/en\/#website\",\"url\":\"https:\/\/tvar-ex.sk\/en\/\",\"name\":\"TVAR-EX\",\"description\":\"\",\"potentialAction\":[{\"@type\":\"SearchAction\",\"target\":{\"@type\":\"EntryPoint\",\"urlTemplate\":\"https:\/\/tvar-ex.sk\/en\/?s={search_term_string}\"},\"query-input\":\"required name=search_term_string\"}],\"inLanguage\":\"sk-SK\"}]}<\/script>\n<!-- \/ Yoast SEO plugin. -->","yoast_head_json":{"title":"Certificate - TVAR-EX","robots":{"index":"index","follow":"follow","max-snippet":"max-snippet:-1","max-image-preview":"max-image-preview:large","max-video-preview":"max-video-preview:-1"},"canonical":"https:\/\/tvar-ex.sk\/en\/certificate\/","og_locale":"sk_SK","og_type":"article","og_title":"Certificate - TVAR-EX","og_url":"https:\/\/tvar-ex.sk\/en\/certificate\/","og_site_name":"TVAR-EX","article_modified_time":"2023-06-19T09:37:33+00:00","og_image":[{"url":"https:\/\/tvar-ex.sk\/en\/wp-content\/uploads\/2023\/06\/TVAR-EX-s.r.o._CERTIFIKAT_9001_2023_SK_page-0001-1-724x1024.jpg"}],"twitter_card":"summary_large_image","twitter_misc":{"Predpokladan\u00fd \u010das \u010d\u00edtania":"1 min\u00fata"},"schema":{"@context":"https:\/\/schema.org","@graph":[{"@type":"WebPage","@id":"https:\/\/tvar-ex.sk\/en\/certificate\/","url":"https:\/\/tvar-ex.sk\/en\/certificate\/","name":"Certificate - TVAR-EX","isPartOf":{"@id":"https:\/\/tvar-ex.sk\/en\/#website"},"datePublished":"2023-06-19T09:34:49+00:00","dateModified":"2023-06-19T09:37:33+00:00","breadcrumb":{"@id":"https:\/\/tvar-ex.sk\/en\/certificate\/#breadcrumb"},"inLanguage":"sk-SK","potentialAction":[{"@type":"ReadAction","target":["https:\/\/tvar-ex.sk\/en\/certificate\/"]}]},{"@type":"BreadcrumbList","@id":"https:\/\/tvar-ex.sk\/en\/certificate\/#breadcrumb","itemListElement":[{"@type":"ListItem","position":1,"name":"Home","item":"https:\/\/tvar-ex.sk\/en\/"},{"@type":"ListItem","position":2,"name":"Certificate"}]},{"@type":"WebSite","@id":"https:\/\/tvar-ex.sk\/en\/#website","url":"https:\/\/tvar-ex.sk\/en\/","name":"TVAR-EX","description":"","potentialAction":[{"@type":"SearchAction","target":{"@type":"EntryPoint","urlTemplate":"https:\/\/tvar-ex.sk\/en\/?s={search_term_string}"},"query-input":"required name=search_term_string"}],"inLanguage":"sk-SK"}]}},"_links":{"self":[{"href":"https:\/\/tvar-ex.sk\/en\/wp-json\/wp\/v2\/pages\/3154"}],"collection":[{"href":"https:\/\/tvar-ex.sk\/en\/wp-json\/wp\/v2\/pages"}],"about":[{"href":"https:\/\/tvar-ex.sk\/en\/wp-json\/wp\/v2\/types\/page"}],"author":[{"embeddable":true,"href":"https:\/\/tvar-ex.sk\/en\/wp-json\/wp\/v2\/users\/1"}],"replies":[{"embeddable":true,"href":"https:\/\/tvar-ex.sk\/en\/wp-json\/wp\/v2\/comments?post=3154"}],"version-history":[{"count":5,"href":"https:\/\/tvar-ex.sk\/en\/wp-json\/wp\/v2\/pages\/3154\/revisions"}],"predecessor-version":[{"id":3160,"href":"https:\/\/tvar-ex.sk\/en\/wp-json\/wp\/v2\/pages\/3154\/revisions\/3160"}],"wp:attachment":[{"href":"https:\/\/tvar-ex.sk\/en\/wp-json\/wp\/v2\/media?parent=3154"}],"curies":[{"name":"wp","href":"https:\/\/api.w.org\/{rel}","templated":true}]}}